{"id":71,"date":"2016-06-04T22:13:39","date_gmt":"2016-06-04T20:13:39","guid":{"rendered":"http:\/\/192.168.10.20\/WordPress\/?page_id=71"},"modified":"2016-07-22T12:06:02","modified_gmt":"2016-07-22T10:06:02","slug":"gebuehren","status":"publish","type":"page","link":"https:\/\/kinderkrippe-bebra.de\/?page_id=71","title":{"rendered":"Geb\u00fchren"},"content":{"rendered":"<h2>Geb\u00fchren<\/h2>\n<p>Die monatlichen Geb\u00fchren f\u00fcr einen Platz in der Kinderkrippe <em>Die kleinen Strolche<\/em> staffeln sich wie folgt:<\/p>\n<table class=\"table table-bordered table-striped\" style=\"width: 536px;\">\n<tbody>\n<tr style=\"height: 48px;\">\n<td style=\"width: 10px; height: 48px;\"><b>Anzahl der Tage<br \/>\n<\/b><\/td>\n<td style=\"width: 63px; height: 48px;\"><b>Vormittag<br \/>\n<\/b><\/td>\n<td style=\"width: 72px; height: 48px;\"><b>Nachmittag<br \/>\n<\/b><\/td>\n<td style=\"width: 102px; height: 48px;\"><b>bis 15:00 Uhr<br \/>\n<\/b><\/td>\n<td style=\"width: 110px; height: 48px;\"><b>bis 16:30 Uhr<br \/>\n<\/b><\/td>\n<\/tr>\n<tr style=\"height: 24px;\">\n<td style=\"width: 10px; height: 24px;\">\u00a01<\/td>\n<td style=\"width: 63px; height: 24px;\">45,00 \u20ac<\/td>\n<td style=\"width: 72px; height: 24px;\">35,00 \u20ac<\/td>\n<td style=\"width: 102px; height: 24px;\">50,00 \u20ac<\/td>\n<td style=\"width: 110px; height: 24px;\">55,00 \u20ac<\/td>\n<\/tr>\n<tr style=\"height: 24px;\">\n<td style=\"width: 10px; height: 24px;\">\u00a02<\/td>\n<td style=\"width: 63px; height: 24px;\">70,00 \u20ac<\/td>\n<td style=\"width: 72px; height: 24px;\">50,00 \u20ac<\/td>\n<td style=\"width: 102px; height: 24px;\">80,00 \u20ac<\/td>\n<td style=\"width: 110px; height: 24px;\">90,00 \u20ac<\/td>\n<\/tr>\n<tr style=\"height: 24.8125px;\">\n<td style=\"width: 10px; height: 24.8125px;\">\u00a03<\/td>\n<td style=\"width: 63px; height: 24.8125px;\">90,00 \u20ac<\/td>\n<td style=\"width: 72px; height: 24.8125px;\">65,00 \u20ac<\/td>\n<td style=\"width: 102px; height: 24.8125px;\">105,00 \u20ac<\/td>\n<td style=\"width: 110px; height: 24.8125px;\">120,00 \u20ac<\/td>\n<\/tr>\n<tr style=\"height: 24px;\">\n<td style=\"width: 10px; height: 24px;\">\u00a04<\/td>\n<td style=\"width: 63px; height: 24px;\">105,00 \u20ac<\/td>\n<td style=\"width: 72px; height: 24px;\">75,00 \u20ac<\/td>\n<td style=\"width: 102px; height: 24px;\">125,00 \u20ac<\/td>\n<td style=\"width: 110px; height: 24px;\">145,00 \u20ac<\/td>\n<\/tr>\n<tr style=\"height: 24px;\">\n<td style=\"width: 10px; height: 24px;\">\u00a05<\/td>\n<td style=\"width: 63px; height: 24px;\">115,00 \u20ac<\/td>\n<td style=\"width: 72px; height: 24px;\">85,00 \u20ac<\/td>\n<td style=\"width: 102px; height: 24px;\">140,00 \u20ac<\/td>\n<td style=\"width: 110px; height: 24px;\">165,00 \u20ac<\/td>\n<\/tr>\n<\/tbody>\n<\/table>\n<p>Zu den oben aufgelisteten Geb\u00fchren kommen die Kosten f\u00fcr das Mittagessen hinzu, die sich derzeit auf 2,50 \u20ac pro Essen belaufen. Das Essen wird kleinkindgerecht von einem regionalen Anbieter zubereitet.<\/p>\n<p>Spontanbetreuung am Vormittag kostet derzeit 10,00 \u20ac und am Nachmittag 6,00 \u20ac.<\/p>\n","protected":false},"excerpt":{"rendered":"<p>Geb\u00fchren Die monatlichen Geb\u00fchren f\u00fcr einen Platz in der Kinderkrippe Die kleinen Strolche staffeln sich wie folgt: Anzahl der Tage Vormittag Nachmittag bis 15:00 Uhr bis 16:30 Uhr \u00a01 45,00 \u20ac 35,00 \u20ac 50,00 \u20ac 55,00 \u20ac \u00a02 70,00 \u20ac<\/p>\n","protected":false},"author":1,"featured_media":0,"parent":326,"menu_order":0,"comment_status":"closed","ping_status":"closed","template":"","meta":{"ngg_post_thumbnail":0,"footnotes":""},"class_list":["post-71","page","type-page","status-publish","hentry"],"_links":{"self":[{"href":"https:\/\/kinderkrippe-bebra.de\/index.php?rest_route=\/wp\/v2\/pages\/71","targetHints":{"allow":["GET"]}}],"collection":[{"href":"https:\/\/kinderkrippe-bebra.de\/index.php?rest_route=\/wp\/v2\/pages"}],"about":[{"href":"https:\/\/kinderkrippe-bebra.de\/index.php?rest_route=\/wp\/v2\/types\/page"}],"author":[{"embeddable":true,"href":"https:\/\/kinderkrippe-bebra.de\/index.php?rest_route=\/wp\/v2\/users\/1"}],"replies":[{"embeddable":true,"href":"https:\/\/kinderkrippe-bebra.de\/index.php?rest_route=%2Fwp%2Fv2%2Fcomments&post=71"}],"version-history":[{"count":4,"href":"https:\/\/kinderkrippe-bebra.de\/index.php?rest_route=\/wp\/v2\/pages\/71\/revisions"}],"predecessor-version":[{"id":464,"href":"https:\/\/kinderkrippe-bebra.de\/index.php?rest_route=\/wp\/v2\/pages\/71\/revisions\/464"}],"up":[{"embeddable":true,"href":"https:\/\/kinderkrippe-bebra.de\/index.php?rest_route=\/wp\/v2\/pages\/326"}],"wp:attachment":[{"href":"https:\/\/kinderkrippe-bebra.de\/index.php?rest_route=%2Fwp%2Fv2%2Fmedia&parent=71"}],"curies":[{"name":"wp","href":"https:\/\/api.w.org\/{rel}","templated":true}]}}