{"id":553,"date":"2017-01-16T21:02:01","date_gmt":"2017-01-16T20:02:01","guid":{"rendered":"http:\/\/kinderkrippe-bebra.de\/?page_id=553"},"modified":"2023-01-06T11:11:33","modified_gmt":"2023-01-06T10:11:33","slug":"tagesablauf","status":"publish","type":"page","link":"https:\/\/kinderkrippe-bebra.de\/?page_id=553","title":{"rendered":"Tagesablauf"},"content":{"rendered":"<h2>Tagesablauf<\/h2>\n<p style=\"text-align: justify;\">Um den Kindern Sicherheit im Krippenalltag zu geben, ist der Tagesablauf gleichbleibend und wird durch Rituale gepr\u00e4gt. Rituale geben den Kindern Orientierung, Geborgenheit, Wurzeln und Fl\u00fcgel.<\/p>\n<hr>\n<p style=\"text-align: center;\"><span style=\"color: #993300;\">7.00 Uhr \u2013 8.45 Uhr <\/span><\/p>\n<p style=\"text-align: justify;\">Unsere Einrichtung \u00f6ffnet um 7.00 Uhr. In der Zeit von 7.00 Uhr bis 8.45 Uhr werden die Kinder von ihren Eltern in die Einrichtung gebracht. Nachdem die Kinder sich von ihren Eltern verabschiedet haben, k\u00f6nnen sie direkt ins freie Spiel einsteigen. Ab 8.00 Uhr gehen die Kinder in ihre Gruppen.<\/p>\n<p style=\"text-align: center;\"><span style=\"color: #993300;\">8.45 Uhr \u2013 9.00 Uhr <\/span><\/p>\n<p style=\"text-align: justify;\">Im Morgenkreis wird jedes Kind pers\u00f6nlich begr\u00fc\u00dft, um das Interesse der Kinder f\u00fcreinander zu wecken. Nach der Begr\u00fc\u00dfung ist Zeit f\u00fcr Fingerspiele, Lieder oder ein Geschichtens\u00e4ckchen.<\/p>\n<p style=\"text-align: center;\"><span style=\"color: #993300;\">9.00 Uhr \u2013 10.00 Uhr <\/span><\/p>\n<p style=\"text-align: justify;\">Ab 9.00 Uhr wird gefr\u00fchst\u00fcckt. Dazu werden die Brottaschen geholt und alle Kinder setzen sich gemeinsam an den Tisch. Nach einem Gebet und einem Tischspruch wird das Geschirr geholt und das Fr\u00fchst\u00fcck kann beginnen. Nach dem Fr\u00fchst\u00fcck r\u00e4umen die Kinder ihr Geschirr ab. Anschlie\u00dfend werden die Z\u00e4hne geputzt.<\/p>\n<p style=\"text-align: center;\"><span style=\"color: #993300;\">10.00 Uhr \u2013 11.30 Uhr <\/span><\/p>\n<p style=\"text-align: justify;\">In dieser Zeit k\u00f6nnen die Kinder im Gruppenraum frei spielen. Gleichzeitig finden gezielte Angebote statt. Je nach Wetterlage wird die Zeit auch zum Spielen auf dem Au\u00dfengel\u00e4nde und f\u00fcr Spazierg\u00e4nge genutzt.<\/p>\n<p style=\"text-align: center;\"><span style=\"color: #993300;\">11.30 Uhr \u2013 12.00 Uhr <\/span><\/p>\n<p style=\"text-align: justify;\">Ab 11.30 Uhr gibt es Mittagessen. Die Krippenkinder werden zum selbst\u00e4ndigen Essen ermutigt. Unerfahrene Kinder bekommen von den Erzieherinnen beim Essen Unterst\u00fctzung. Nach M\u00f6glichkeit nehmen die Erzieherinnen am Essen teil (p\u00e4dagogischer Happen).<\/p>\n<p style=\"text-align: center;\"><span style=\"color: #993300;\">12.00 Uhr \u2013 13.30 Uhr <\/span><\/p>\n<p style=\"text-align: justify;\">Ab 12.15 Uhr k\u00f6nnen die Kinder von ihren Eltern abgeholt werden. Kinder, die in der Krippe schlafen, werden \u201ebettfertig\u201c gemacht. Dabei wird jedes Kind auf seine individuelle Weise ins Bett gelegt und kann so lange liegen bleiben, bis es ausgeschlafen hat. Um 13.30 Uhr endet die Vormittagsbetreuung.<\/p>\n<p style=\"text-align: center;\"><span style=\"color: #993300;\">13.30 Uhr \u2013 14.30 Uhr <\/span><\/p>\n<p style=\"text-align: justify;\">In dieser Zeit werden die Kinder nach und nach wach. Sie kuscheln dann noch mit ihrer Bezugsperson, die sie anschlie\u00dfend wickelt und anzieht. Bis zur Teepause k\u00f6nnen die Kinder im Freispiel ihren Interessen nachgehen.<\/p>\n<p style=\"text-align: center;\"><span style=\"color: #993300;\">14.30 Uhr \u2013 15.00 Uhr <\/span><\/p>\n<p style=\"text-align: justify;\">Teepause. Die Kinder setzen sich in ihren Gruppen an den Tisch und nehmen einen kleinen Nachmittagssnack ein.<\/p>\n<p style=\"text-align: center;\"><span style=\"color: #993300;\">15.00 Uhr \u2013 16.30 Uhr <\/span><\/p>\n<p style=\"text-align: justify;\">Diese Zeit wird je nach Wetterlage zum Rausgehen genutzt oder es werden einzelne Angebote f\u00fcr die Kinder bereitgestellt bis sie abgeholt werden.<\/p>\n<hr>\n<p style=\"text-align: justify;\">Die&nbsp;Kinder werden je nach Bedarf im gesamten Tagesablauf gewickelt und je nach Alter zum Toilettengang ermutigt und begleitet.<\/p>\n<p>Ebenso gehen wir auf den individuellen Schlafrhythmus jeden Kindes ein. So besteht die M\u00f6glichkeit, dass das Kind, je nach Bedarf, auch vormittags schlafen kann. Zu allen Schlafzeiten befindet sich eine Erzieherin bei den Kindern im Schlafraum.<\/p>\n<p>Es ist uns wichtig, dass wir die Kinder morgens aufmerksam begr\u00fc\u00dfen und willkommen hei\u00dfen. Dies ist w\u00e4hrend des Morgenkreises nicht m\u00f6glich. Deshalb k\u00f6nnen in dieser Zeit keine Kinder in Empfang genommen werden.<br \/>\nDa die Kinder in einer ruhigen und entspannten Atmosph\u00e4re essen sollen besteht die M\u00f6glichkeit vor oder nach dem Mittagessen oder vor bzw. nach der Teepause&nbsp;das Kind abzuholen. So k\u00f6nnen wir die Kinder w\u00e4hrend der Mahlzeiten aufmerksam begleiten.<\/p>\n<p>Dienstags und freitags von 8.00 Uhr bis 8.45 Uhr, findet in der Turnhalle des Kindergartens eine Turnstunde statt. Kinder ab dem zweiten Lebensjahr d\u00fcrfen daran teilnehmen.<\/p>\n<p>Jeden Mittwoch stellt die Kinderkrippe ein gesundes Fr\u00fchst\u00fcck zur Verf\u00fcgung.<\/p>\n","protected":false},"excerpt":{"rendered":"<p>Tagesablauf Um den Kindern Sicherheit im Krippenalltag zu geben, ist der Tagesablauf gleichbleibend und wird durch Rituale gepr\u00e4gt. Rituale geben den Kindern Orientierung, Geborgenheit, Wurzeln und Fl\u00fcgel. 7.00 Uhr \u2013 8.45 Uhr Unsere Einrichtung \u00f6ffnet um 7.00 Uhr. In der<\/p>\n","protected":false},"author":1,"featured_media":0,"parent":206,"menu_order":4,"comment_status":"closed","ping_status":"closed","template":"","meta":{"ngg_post_thumbnail":0,"footnotes":""},"class_list":["post-553","page","type-page","status-publish","hentry"],"_links":{"self":[{"href":"https:\/\/kinderkrippe-bebra.de\/index.php?rest_route=\/wp\/v2\/pages\/553","targetHints":{"allow":["GET"]}}],"collection":[{"href":"https:\/\/kinderkrippe-bebra.de\/index.php?rest_route=\/wp\/v2\/pages"}],"about":[{"href":"https:\/\/kinderkrippe-bebra.de\/index.php?rest_route=\/wp\/v2\/types\/page"}],"author":[{"embeddable":true,"href":"https:\/\/kinderkrippe-bebra.de\/index.php?rest_route=\/wp\/v2\/users\/1"}],"replies":[{"embeddable":true,"href":"https:\/\/kinderkrippe-bebra.de\/index.php?rest_route=%2Fwp%2Fv2%2Fcomments&post=553"}],"version-history":[{"count":7,"href":"https:\/\/kinderkrippe-bebra.de\/index.php?rest_route=\/wp\/v2\/pages\/553\/revisions"}],"predecessor-version":[{"id":879,"href":"https:\/\/kinderkrippe-bebra.de\/index.php?rest_route=\/wp\/v2\/pages\/553\/revisions\/879"}],"up":[{"embeddable":true,"href":"https:\/\/kinderkrippe-bebra.de\/index.php?rest_route=\/wp\/v2\/pages\/206"}],"wp:attachment":[{"href":"https:\/\/kinderkrippe-bebra.de\/index.php?rest_route=%2Fwp%2Fv2%2Fmedia&parent=553"}],"curies":[{"name":"wp","href":"https:\/\/api.w.org\/{rel}","templated":true}]}}