{"id":545,"date":"2017-01-16T20:27:40","date_gmt":"2017-01-16T19:27:40","guid":{"rendered":"http:\/\/kinderkrippe-bebra.de\/?page_id=545"},"modified":"2023-01-06T11:10:43","modified_gmt":"2023-01-06T10:10:43","slug":"das-sind-wir-die-grossen-strolche","status":"publish","type":"page","link":"https:\/\/kinderkrippe-bebra.de\/?page_id=545","title":{"rendered":"Das sind wir die grossen Strolche"},"content":{"rendered":"<h2>Das sind wir, die \u201egro\u00dfen Strolche&#8220;<\/h2>\n<div class=\"page\" title=\"Page 12\">\n<div class=\"layoutArea\">\n<div class=\"column\">\n<p style=\"text-align: justify;\">Alle ausgebildeten Fachkr\u00e4fte sind in Teilzeit besch\u00e4ftigt. Der Dienstplan ist so gestaltet, dass in jeder Gruppe an jedem Vormittag eine Fachkraft als kontinuierliche Bezugsperson in der Einrichtung ist. Jeweils eine Fachkraft steht den ganzen Tag \u00fcber den Kindern als Ansprechpartner\/in zur Seite.<\/p>\n<p>Jede Gruppe wird von einer Gruppenleiterin gef\u00fchrt. Sie ist im Wesentlichen f\u00fcr die Koordination innerhalb der Gruppe verantwortlich. In einem Plan ist festgelegt, welche Erzieherin die Leitung an dem jeweiligen Wochentag&nbsp;\u00fcbernimmt. Diese sogenannte Tagesleitung orientiert sich an dem Tagesablauf und dem gemeinsam erstellten Lotusplan.<br \/>\nDie Bezugserzieherin f\u00fcr ein neu aufzunehmendes Kind richtet sich nach der gew\u00fcnschten Betreuungszeit und der Anwesenheit der Erzieherin. Jede Erzieherin erstellt f\u00fcr ihre Bezugskinder ein Portfolio und bearbeitet in regelm\u00e4\u00dfigen Abst\u00e4nden die Stufenbl\u00e4tter. Ebenso f\u00fchrt sie die Entwicklungsgespr\u00e4che mit den Eltern ihrer Bezugskinder.<\/p>\n<p>Es ist gew\u00e4hrleistet, dass die Kinder in den Kernzeiten stets durch zwei bis drei Mitarbeiterinnen pro Gruppe betreut werden. Die Fachkraftstunden berechnen sich nach dem Hess. Kif\u00f6G.<\/p>\n<\/div>\n<\/div>\n<\/div>\n","protected":false},"excerpt":{"rendered":"<p>Das sind wir, die \u201egro\u00dfen Strolche&#8220; Alle ausgebildeten Fachkr\u00e4fte sind in Teilzeit besch\u00e4ftigt. Der Dienstplan ist so gestaltet, dass in jeder Gruppe an jedem Vormittag eine Fachkraft als kontinuierliche Bezugsperson in der Einrichtung ist. Jeweils eine Fachkraft steht den ganzen<\/p>\n","protected":false},"author":1,"featured_media":0,"parent":206,"menu_order":1,"comment_status":"closed","ping_status":"closed","template":"","meta":{"ngg_post_thumbnail":0,"footnotes":""},"class_list":["post-545","page","type-page","status-publish","hentry"],"_links":{"self":[{"href":"https:\/\/kinderkrippe-bebra.de\/index.php?rest_route=\/wp\/v2\/pages\/545","targetHints":{"allow":["GET"]}}],"collection":[{"href":"https:\/\/kinderkrippe-bebra.de\/index.php?rest_route=\/wp\/v2\/pages"}],"about":[{"href":"https:\/\/kinderkrippe-bebra.de\/index.php?rest_route=\/wp\/v2\/types\/page"}],"author":[{"embeddable":true,"href":"https:\/\/kinderkrippe-bebra.de\/index.php?rest_route=\/wp\/v2\/users\/1"}],"replies":[{"embeddable":true,"href":"https:\/\/kinderkrippe-bebra.de\/index.php?rest_route=%2Fwp%2Fv2%2Fcomments&post=545"}],"version-history":[{"count":5,"href":"https:\/\/kinderkrippe-bebra.de\/index.php?rest_route=\/wp\/v2\/pages\/545\/revisions"}],"predecessor-version":[{"id":874,"href":"https:\/\/kinderkrippe-bebra.de\/index.php?rest_route=\/wp\/v2\/pages\/545\/revisions\/874"}],"up":[{"embeddable":true,"href":"https:\/\/kinderkrippe-bebra.de\/index.php?rest_route=\/wp\/v2\/pages\/206"}],"wp:attachment":[{"href":"https:\/\/kinderkrippe-bebra.de\/index.php?rest_route=%2Fwp%2Fv2%2Fmedia&parent=545"}],"curies":[{"name":"wp","href":"https:\/\/api.w.org\/{rel}","templated":true}]}}