{"id":501,"date":"2016-11-18T15:38:37","date_gmt":"2016-11-18T14:38:37","guid":{"rendered":"http:\/\/kinderkrippe-bebra.de\/?page_id=501"},"modified":"2016-11-18T15:38:37","modified_gmt":"2016-11-18T14:38:37","slug":"spendenprojekte","status":"publish","type":"page","link":"https:\/\/kinderkrippe-bebra.de\/?page_id=501","title":{"rendered":"Spendenprojekte"},"content":{"rendered":"<style type=\"text\/css\" media=\"screen\">\n@media only screen and (max-width: 768px) {\n\t.campaign-loop.campaign-grid.masonry { -moz-column-count: 1; -webkit-column-count: 1; column-count: 1; }\n\t.campaign-loop.campaign-grid .campaign,.campaign-loop.campaign-grid .campaign.hentry { width: 100% !important; }\n}\n<\/style>\n\t\t<ol class=\"campaign-loop campaign-grid campaign-grid-2\">\n\n<li id=\"campaign-491\" class=\"post-491 campaign type-campaign status-publish has-post-thumbnail hentry campaign-has-goal campaign-has-not-achieved-goal campaign-is-endless\">\n\t<a href=\"https:\/\/kinderkrippe-bebra.de\/?campaign=wandspiele\">\n\t\t<img loading=\"lazy\" decoding=\"async\" width=\"300\" height=\"283\" src=\"https:\/\/kinderkrippe-bebra.de\/wp-content\/uploads\/2016\/11\/Wandspiel-300x283.jpg\" class=\"attachment-medium size-medium\" alt=\"\" srcset=\"https:\/\/kinderkrippe-bebra.de\/wp-content\/uploads\/2016\/11\/Wandspiel-300x283.jpg 300w, https:\/\/kinderkrippe-bebra.de\/wp-content\/uploads\/2016\/11\/Wandspiel.jpg 651w\" sizes=\"auto, (max-width: 300px) 100vw, 300px\" \/>\n\t\t<h3>Wandspiele<\/h3>\n\n\t\t\t<\/a>\n\t<div class=\"campaign-description\">\n\t<p>Verschiedene Wandspielteile aus Holz bieten den Kindern die M\u00f6glichkeit ihre Sinne auf unterschiedliche Art und Weise zu schulen.<\/p>\n<\/div>\n<div class=\"campaign-progress-bar\" role=\"progressbar\" aria-valuemin=\"0\" aria-valuemax=\"100\" aria-valuenow=\"0\"><span class=\"bar\" style=\"width: 0%;\"><\/span><\/div>\n<div class=\"campaign-donation-stats\">\n<span class=\"amount\">0&nbsp;&euro;<\/span> von <span class=\"goal-amount\">1.154&nbsp;&euro;<\/span> erreicht<\/div>\n<div class=\"campaign-donation\">\n\t<a class=\"button charitable-button donate-button button-primary\"\n\t\thref=\"https:\/\/kinderkrippe-bebra.de\/?campaign=wandspiele&donate=1\"\n\t\taria-label=\"\n\t\tSpende f\u00fcr Wandspiele\t\t\">\n\t\tSpende\t<\/a>\n<\/div>\n<\/li>\n<li id=\"campaign-492\" class=\"post-492 campaign type-campaign status-publish has-post-thumbnail hentry campaign-has-goal campaign-has-not-achieved-goal campaign-is-endless\">\n\t<a href=\"https:\/\/kinderkrippe-bebra.de\/?campaign=spiegel\">\n\t\t<img loading=\"lazy\" decoding=\"async\" width=\"163\" height=\"300\" src=\"https:\/\/kinderkrippe-bebra.de\/wp-content\/uploads\/2016\/11\/spiegelkoenig-163x300.jpg\" class=\"attachment-medium size-medium\" alt=\"\" srcset=\"https:\/\/kinderkrippe-bebra.de\/wp-content\/uploads\/2016\/11\/spiegelkoenig-163x300.jpg 163w, https:\/\/kinderkrippe-bebra.de\/wp-content\/uploads\/2016\/11\/spiegelkoenig.jpg 283w\" sizes=\"auto, (max-width: 163px) 100vw, 163px\" \/>\n\t\t<h3>Spiegel<\/h3>\n\n\t\t\t<\/a>\n\t<div class=\"campaign-description\">\n\t<p>Spiegel bieten den Kindern die M\u00f6glichkeit sich selbst und auch die anderen Mitmenschen im Raum in den Blick zu nehmen.<\/p>\n<\/div>\n<div class=\"campaign-progress-bar\" role=\"progressbar\" aria-valuemin=\"0\" aria-valuemax=\"100\" aria-valuenow=\"0\"><span class=\"bar\" style=\"width: 0%;\"><\/span><\/div>\n<div class=\"campaign-donation-stats\">\n<span class=\"amount\">0&nbsp;&euro;<\/span> von <span class=\"goal-amount\">300&nbsp;&euro;<\/span> erreicht<\/div>\n<div class=\"campaign-donation\">\n\t<a class=\"button charitable-button donate-button button-primary\"\n\t\thref=\"https:\/\/kinderkrippe-bebra.de\/?campaign=spiegel&donate=1\"\n\t\taria-label=\"\n\t\tSpende f\u00fcr Spiegel\t\t\">\n\t\tSpende\t<\/a>\n<\/div>\n<\/li>\n<li id=\"campaign-493\" class=\"post-493 campaign type-campaign status-publish has-post-thumbnail hentry campaign-has-goal campaign-has-not-achieved-goal campaign-is-endless\">\n\t<a href=\"https:\/\/kinderkrippe-bebra.de\/?campaign=experimentiertisch-mit-wannen\">\n\t\t<img loading=\"lazy\" decoding=\"async\" width=\"300\" height=\"232\" src=\"https:\/\/kinderkrippe-bebra.de\/wp-content\/uploads\/2016\/11\/Spieltisch-300x232.jpg\" class=\"attachment-medium size-medium\" alt=\"\" srcset=\"https:\/\/kinderkrippe-bebra.de\/wp-content\/uploads\/2016\/11\/Spieltisch-300x232.jpg 300w, https:\/\/kinderkrippe-bebra.de\/wp-content\/uploads\/2016\/11\/Spieltisch-768x593.jpg 768w, https:\/\/kinderkrippe-bebra.de\/wp-content\/uploads\/2016\/11\/Spieltisch.jpg 998w\" sizes=\"auto, (max-width: 300px) 100vw, 300px\" \/>\n\t\t<h3>Experimentiertisch mit Wannen<\/h3>\n\n\t\t\t<\/a>\n\t<div class=\"campaign-description\">\n\t<p>Experimentiertische laden zu vielf\u00e4ltigen Entdeckungen und Experimenten ein.<\/p>\n<\/div>\n<div class=\"campaign-progress-bar\" role=\"progressbar\" aria-valuemin=\"0\" aria-valuemax=\"100\" aria-valuenow=\"0\"><span class=\"bar\" style=\"width: 0%;\"><\/span><\/div>\n<div class=\"campaign-donation-stats\">\n<span class=\"amount\">0&nbsp;&euro;<\/span> von <span class=\"goal-amount\">199&nbsp;&euro;<\/span> erreicht<\/div>\n<div class=\"campaign-donation\">\n\t<a class=\"button charitable-button donate-button button-primary\"\n\t\thref=\"https:\/\/kinderkrippe-bebra.de\/?campaign=experimentiertisch-mit-wannen&donate=1\"\n\t\taria-label=\"\n\t\tSpende f\u00fcr Experimentiertisch mit Wannen\t\t\">\n\t\tSpende\t<\/a>\n<\/div>\n<\/li>\n<li id=\"campaign-494\" class=\"post-494 campaign type-campaign status-publish has-post-thumbnail hentry campaign-has-goal campaign-has-not-achieved-goal campaign-is-endless\">\n\t<a href=\"https:\/\/kinderkrippe-bebra.de\/?campaign=podeste\">\n\t\t<img loading=\"lazy\" decoding=\"async\" width=\"300\" height=\"148\" src=\"https:\/\/kinderkrippe-bebra.de\/wp-content\/uploads\/2016\/11\/spielpodest-300x148.jpg\" class=\"attachment-medium size-medium\" alt=\"\" srcset=\"https:\/\/kinderkrippe-bebra.de\/wp-content\/uploads\/2016\/11\/spielpodest-300x148.jpg 300w, https:\/\/kinderkrippe-bebra.de\/wp-content\/uploads\/2016\/11\/spielpodest.jpg 425w\" sizes=\"auto, (max-width: 300px) 100vw, 300px\" \/>\n\t\t<h3>Podeste<\/h3>\n\n\t\t\t<\/a>\n\t<div class=\"campaign-description\">\n\t<p>Podeste bieten den Kindern vielf\u00e4ltige Bewegungsm\u00f6glichkeiten.<\/p>\n<\/div>\n<div class=\"campaign-progress-bar\" role=\"progressbar\" aria-valuemin=\"0\" aria-valuemax=\"100\" aria-valuenow=\"0\"><span class=\"bar\" style=\"width: 0%;\"><\/span><\/div>\n<div class=\"campaign-donation-stats\">\n<span class=\"amount\">0&nbsp;&euro;<\/span> von <span class=\"goal-amount\">1.000&nbsp;&euro;<\/span> erreicht<\/div>\n<div class=\"campaign-donation\">\n\t<a class=\"button charitable-button donate-button button-primary\"\n\t\thref=\"https:\/\/kinderkrippe-bebra.de\/?campaign=podeste&donate=1\"\n\t\taria-label=\"\n\t\tSpende f\u00fcr Podeste\t\t\">\n\t\tSpende\t<\/a>\n<\/div>\n<\/li>\n<li id=\"campaign-495\" class=\"post-495 campaign type-campaign status-publish has-post-thumbnail hentry campaign-has-goal campaign-has-not-achieved-goal campaign-is-endless\">\n\t<a href=\"https:\/\/kinderkrippe-bebra.de\/?campaign=move-up-schraenke\">\n\t\t<img loading=\"lazy\" decoding=\"async\" width=\"254\" height=\"300\" src=\"https:\/\/kinderkrippe-bebra.de\/wp-content\/uploads\/2016\/11\/move-upp-schrank-254x300.jpg\" class=\"attachment-medium size-medium\" alt=\"\" srcset=\"https:\/\/kinderkrippe-bebra.de\/wp-content\/uploads\/2016\/11\/move-upp-schrank-254x300.jpg 254w, https:\/\/kinderkrippe-bebra.de\/wp-content\/uploads\/2016\/11\/move-upp-schrank-768x905.jpg 768w, https:\/\/kinderkrippe-bebra.de\/wp-content\/uploads\/2016\/11\/move-upp-schrank-869x1024.jpg 869w, https:\/\/kinderkrippe-bebra.de\/wp-content\/uploads\/2016\/11\/move-upp-schrank.jpg 900w\" sizes=\"auto, (max-width: 254px) 100vw, 254px\" \/>\n\t\t<h3>Move upp Schr\u00e4nke<\/h3>\n\n\t\t\t<\/a>\n\t<div class=\"campaign-description\">\n\t<p>Mit diesem Modulsystem k\u00f6nnen wir flexibel auf die Bed\u00fcrfnisse der Kinder eingehen und ihnen geeignetes Spielmaterial zur Verf\u00fcgung stellen.<\/p>\n<\/div>\n<div class=\"campaign-progress-bar\" role=\"progressbar\" aria-valuemin=\"0\" aria-valuemax=\"100\" aria-valuenow=\"0\"><span class=\"bar\" style=\"width: 0%;\"><\/span><\/div>\n<div class=\"campaign-donation-stats\">\n<span class=\"amount\">0&nbsp;&euro;<\/span> von <span class=\"goal-amount\">3.000&nbsp;&euro;<\/span> erreicht<\/div>\n<div class=\"campaign-donation\">\n\t<a class=\"button charitable-button donate-button button-primary\"\n\t\thref=\"https:\/\/kinderkrippe-bebra.de\/?campaign=move-up-schraenke&donate=1\"\n\t\taria-label=\"\n\t\tSpende f\u00fcr Move upp Schr\u00e4nke\t\t\">\n\t\tSpende\t<\/a>\n<\/div>\n<\/li>\n<li id=\"campaign-490\" class=\"post-490 campaign type-campaign status-publish has-post-thumbnail hentry campaign-has-goal campaign-has-not-achieved-goal campaign-is-endless\">\n\t<a href=\"https:\/\/kinderkrippe-bebra.de\/?campaign=wasserrinne\">\n\t\t<img loading=\"lazy\" decoding=\"async\" width=\"300\" height=\"246\" src=\"https:\/\/kinderkrippe-bebra.de\/wp-content\/uploads\/2016\/11\/0427-keramag5-300x246.jpg\" class=\"attachment-medium size-medium\" alt=\"\" srcset=\"https:\/\/kinderkrippe-bebra.de\/wp-content\/uploads\/2016\/11\/0427-keramag5-300x246.jpg 300w, https:\/\/kinderkrippe-bebra.de\/wp-content\/uploads\/2016\/11\/0427-keramag5.jpg 400w\" sizes=\"auto, (max-width: 300px) 100vw, 300px\" \/>\n\t\t<h3>Wasserrinne<\/h3>\n\n\t\t\t<\/a>\n\t<div class=\"campaign-description\">\n\t<p>Wasserrinne<\/p>\n<\/div>\n<div class=\"campaign-progress-bar\" role=\"progressbar\" aria-valuemin=\"0\" aria-valuemax=\"100\" aria-valuenow=\"0\"><span class=\"bar\" style=\"width: 0%;\"><\/span><\/div>\n<div class=\"campaign-donation-stats\">\n<span class=\"amount\">0&nbsp;&euro;<\/span> von <span class=\"goal-amount\">2.000&nbsp;&euro;<\/span> erreicht<\/div>\n<div class=\"campaign-donation\">\n\t<a class=\"button charitable-button donate-button button-primary\"\n\t\thref=\"https:\/\/kinderkrippe-bebra.de\/?campaign=wasserrinne&donate=1\"\n\t\taria-label=\"\n\t\tSpende f\u00fcr Wasserrinne\t\t\">\n\t\tSpende\t<\/a>\n<\/div>\n<\/li>\n<\/ol>\n\n","protected":false},"excerpt":{"rendered":"","protected":false},"author":1,"featured_media":0,"parent":0,"menu_order":0,"comment_status":"closed","ping_status":"closed","template":"","meta":{"ngg_post_thumbnail":0,"footnotes":""},"class_list":["post-501","page","type-page","status-publish","hentry","campaign-has-goal","campaign-has-not-achieved-goal","campaign-is-endless"],"_links":{"self":[{"href":"https:\/\/kinderkrippe-bebra.de\/index.php?rest_route=\/wp\/v2\/pages\/501","targetHints":{"allow":["GET"]}}],"collection":[{"href":"https:\/\/kinderkrippe-bebra.de\/index.php?rest_route=\/wp\/v2\/pages"}],"about":[{"href":"https:\/\/kinderkrippe-bebra.de\/index.php?rest_route=\/wp\/v2\/types\/page"}],"author":[{"embeddable":true,"href":"https:\/\/kinderkrippe-bebra.de\/index.php?rest_route=\/wp\/v2\/users\/1"}],"replies":[{"embeddable":true,"href":"https:\/\/kinderkrippe-bebra.de\/index.php?rest_route=%2Fwp%2Fv2%2Fcomments&post=501"}],"version-history":[{"count":2,"href":"https:\/\/kinderkrippe-bebra.de\/index.php?rest_route=\/wp\/v2\/pages\/501\/revisions"}],"predecessor-version":[{"id":503,"href":"https:\/\/kinderkrippe-bebra.de\/index.php?rest_route=\/wp\/v2\/pages\/501\/revisions\/503"}],"wp:attachment":[{"href":"https:\/\/kinderkrippe-bebra.de\/index.php?rest_route=%2Fwp%2Fv2%2Fmedia&parent=501"}],"curies":[{"name":"wp","href":"https:\/\/api.w.org\/{rel}","templated":true}]}}