{"id":34,"date":"2016-03-21T21:00:07","date_gmt":"2016-03-21T20:00:07","guid":{"rendered":"http:\/\/192.168.10.20\/WordPress\/?page_id=34"},"modified":"2024-02-24T17:31:55","modified_gmt":"2024-02-24T16:31:55","slug":"vorstand","status":"publish","type":"page","link":"https:\/\/kinderkrippe-bebra.de\/?page_id=34","title":{"rendered":"Vorstand"},"content":{"rendered":"<h2>Der Vorstand 2023 \/ 2024<\/h2>\n<ul>\n<li>Vorsitzender: Heiko Kehm<\/li>\n<li>Stellvertreter: Henry M\u00f6ller, Daniel Banz<\/li>\n<li>Kassierer und Gesch\u00e4ftsf\u00fchrer: Dietrich Darscht<\/li>\n<li>Beisitzer(in): Steffi Kehm, Annika Hartig, Eleanor Stemmler, Abu Shanab Ahmad, Sicilia Treuberg<\/li>\n<li>Vorstandsmitglied: Stadt Bebra<\/li>\n<\/ul>\n<h2>&nbsp;<\/h2>\n<h2>&nbsp;<\/h2>\n<h2>Von der B\u00fcrgerinitiative zum Verein<\/h2>\n<p style=\"text-align: justify;\">Im November 2004 wurde in Bebra die B\u00fcrgerinitiative \u201cZukunft f\u00fcr Bebra\u201d gegr\u00fcndet. In diesem Zusammenhang wurden verschiedene Arbeitskreise gebildet.&nbsp;In dem Arbeitskreis Bildungszentrum Bebra bemerkte man, dass es vor Ort kein verl\u00e4ssliches Betreuungsangebot f\u00fcr Kinder unter drei Jahren gab.&nbsp;So entschloss man sich, einen Arbeitskreis \u201eKinderkrippe\u201c zu gr\u00fcnden, der sich erstmals im Mai 2005 traf.<\/p>\n<p style=\"text-align: justify;\">Dazu wurden alle Kindergarten-, Krabbelgruppen- und Spielkreisleiterinnen sowie interessierte M\u00fctter und Tagesm\u00fctter eingeladen.<br \/>\nZiel war es, eine Kinderkrippe zu gr\u00fcnden, die ganz individuell mit einem Voll- und Teilzeitangebot auf den Bedarf und die W\u00fcnsche der Familien eingeht.<\/p>\n<p style=\"text-align: justify;\">In der nun folgenden Zeit wurden verschiedene Gespr\u00e4che mit der Stadt Bebra gef\u00fchrt und ein Konzept f\u00fcr die Krippe entworfen.&nbsp;Ebenso f\u00fchrten die Verantwortlichen des Arbeitskreises mit Hilfe der Stadt eine Bedarfserhebung durch, bei der heraus kam, dass besonders das Teilzeitangebot eine gro\u00dfe Resonanz findet.&nbsp;Im Dezember 2005 wurde der Verein \u201eKinderkrippe Bebra e.V.\u201c als Tr\u00e4ger der Einrichtung gegr\u00fcndet.&nbsp;Die Stadt stellte ein Haus in der Pfarrstra\u00dfe mietfrei zur Verf\u00fcgung und im Januar 2006 renovierten die zuk\u00fcnftigen Krippeneltern sowie die zuk\u00fcnftigen Mitarbeiter diese \u201cWohnung\u201d, und am 01. Februar 2006 konnte der Krippenbetrieb beginnen.&nbsp;Nach einigen Monaten begann der Vorstand nach neuen R\u00e4umlichkeiten zu suchen, weil der Bedarf an Krippenpl\u00e4tzen stieg.<\/p>\n<p style=\"text-align: justify;\">Daraufhin unterbreitete die Stadt Bebra den Vorschlag, den Kindergarten Tabalugaland umzubauen, um die Kinderkrippe integrieren zu k\u00f6nnen.&nbsp;Nach vielen Gespr\u00e4chen wurde beschlossen, dieses Angebot anzunehmen. Unter Mithilfe der Eltern wurden die neuen R\u00e4ume im Juli und August 2008 gestrichen und hergerichtet, so dass dem Umzug Ende August nichts mehr im Wege stand.&nbsp;Am 01. September 2008 konnten die neuen R\u00e4umlichkeiten, Am B\u00fcnberg 18, bezogen werden. Seit dieser Zeit ist die Kinderkrippe Bebra e. V. eine zweigruppige Einrichtung. Die Er\u00f6ffnungsfeier der neu gestalteten Kinderkrippe fand im November 2008 statt.<\/p>\n","protected":false},"excerpt":{"rendered":"<p>Der Vorstand 2023 \/ 2024 Vorsitzender: Heiko Kehm Stellvertreter: Henry M\u00f6ller, Daniel Banz Kassierer und Gesch\u00e4ftsf\u00fchrer: Dietrich Darscht Beisitzer(in): Steffi Kehm, Annika Hartig, Eleanor Stemmler, Abu Shanab Ahmad, Sicilia Treuberg Vorstandsmitglied: Stadt Bebra &nbsp; &nbsp; Von der B\u00fcrgerinitiative zum Verein<\/p>\n","protected":false},"author":1,"featured_media":0,"parent":327,"menu_order":0,"comment_status":"closed","ping_status":"closed","template":"","meta":{"ngg_post_thumbnail":0,"footnotes":""},"class_list":["post-34","page","type-page","status-publish","hentry"],"_links":{"self":[{"href":"https:\/\/kinderkrippe-bebra.de\/index.php?rest_route=\/wp\/v2\/pages\/34","targetHints":{"allow":["GET"]}}],"collection":[{"href":"https:\/\/kinderkrippe-bebra.de\/index.php?rest_route=\/wp\/v2\/pages"}],"about":[{"href":"https:\/\/kinderkrippe-bebra.de\/index.php?rest_route=\/wp\/v2\/types\/page"}],"author":[{"embeddable":true,"href":"https:\/\/kinderkrippe-bebra.de\/index.php?rest_route=\/wp\/v2\/users\/1"}],"replies":[{"embeddable":true,"href":"https:\/\/kinderkrippe-bebra.de\/index.php?rest_route=%2Fwp%2Fv2%2Fcomments&post=34"}],"version-history":[{"count":6,"href":"https:\/\/kinderkrippe-bebra.de\/index.php?rest_route=\/wp\/v2\/pages\/34\/revisions"}],"predecessor-version":[{"id":909,"href":"https:\/\/kinderkrippe-bebra.de\/index.php?rest_route=\/wp\/v2\/pages\/34\/revisions\/909"}],"up":[{"embeddable":true,"href":"https:\/\/kinderkrippe-bebra.de\/index.php?rest_route=\/wp\/v2\/pages\/327"}],"wp:attachment":[{"href":"https:\/\/kinderkrippe-bebra.de\/index.php?rest_route=%2Fwp%2Fv2%2Fmedia&parent=34"}],"curies":[{"name":"wp","href":"https:\/\/api.w.org\/{rel}","templated":true}]}}