{"id":335,"date":"2016-06-04T22:12:30","date_gmt":"2016-06-04T20:12:30","guid":{"rendered":"http:\/\/192.168.10.20\/WordPress\/?page_id=67"},"modified":"2017-01-16T21:15:24","modified_gmt":"2017-01-16T20:15:24","slug":"raeume-und-aussenanlagen","status":"publish","type":"page","link":"https:\/\/kinderkrippe-bebra.de\/?page_id=335","title":{"rendered":"R\u00e4ume und Au\u00dfenanlagen"},"content":{"rendered":"<h2>R\u00e4ume und Au\u00dfenanlage<\/h2>\n<p>Die Einrichtung besteht aus zwei Gruppenr\u00e4umen, Schlafraum, Flur, B\u00fcro, Bad und Au\u00dfengel\u00e4nde.<\/p>\n<p><strong>Eingangsbereich:<\/strong><br \/>\nIm Eingangsbereich befindet sich ein Stellplatz f\u00fcr den Krippenwagen und f\u00fcr weitere Kinderwagen, au\u00dferdem eine Bank und eine Garderobe f\u00fcr Mitarbeiter und Eltern.<\/p>\n<p><strong>Flur:<\/strong><br \/>\nIm Flur sind die Kindergarderoben, mit Boxen f\u00fcr die Wechselkleidung der Kinder, eine Elterninformationswand und ein Materialschrank\/-regal untergebracht. Au\u00dferdem finden die Kinder hier Platz zur Bewegung an regnerischen Tagen. Es besteht die M\u00f6glichkeit Bewegungslandschaften aufzubauen oder mit Rutschfahrzeugen zu fahren. Der Flur eignet sich auch zum Arbeiten mit Kleingruppen.<\/p>\n<p><strong>Gruppenraum \u201eM\u00e4usenest\u201c:<\/strong><br \/>\nIm Gruppenraum der M\u00e4usenestkinder befindet sich die Erwachsenenk\u00fcche. Hier werden die Mittagsmahlzeiten der Kinder angerichtet, sowie Tee gekocht.<br \/>\nDes Weiteren befinden sich in dieser Gruppe Raumteiler, eine Kinderspielk\u00fcche, eine Krabbelburg mit Kletter-, Rutsch- und R\u00fcckzugsm\u00f6glichkeit, ein Spiegel, ein Kinderwaschbecken mit Spiegel, ein Handtuchhalter mit integrierter Zahnb\u00fcrstenleiste sowie Tische und St\u00fchle. An diesen Gruppenraum schlie\u00dft sich links der Schlafraum und rechts das B\u00fcro an. Ebenso f\u00fchrt eine T\u00fcr zum Au\u00dfenbereich.<\/p>\n<p><strong>Gruppenraum \u201eSpatzennest\u201c:<\/strong><br \/>\nIm Gruppenraum der Spatzennestkinder befinden sich eine Spielburg mit Kletter-, Rutsch- und R\u00fcckzugsm\u00f6glichkeit, ein Kinderwaschbecken mit Spiegel, ein Handtuchhalter mit integrierter Zahnb\u00fcrstenleiste, Bewegungselemente, ein \u201csicherer Bereich\u201d, der M\u00f6glichkeit bietet zum Kuscheln, Bauen, Spielen, B\u00fccher anschauen und der Selbsterfahrung durch einen Spiegel.<br \/>\nDes Weiteren befinden sich in dieser Gruppe Tische und St\u00fchle, eine Kinderspielk\u00fcche und ein Ausgang zum Au\u00dfenbereich.<\/p>\n<p><strong>Bad:<\/strong><br \/>\nIm Bad befinden sich drei Kinderwaschbecken, zwei Kindertoiletten, T\u00f6pfchen sowie eine Dusche, ein Speibecken und zwei Wickelkommoden mit integrierter Treppe.<\/p>\n<p>F\u00fcr das Personal besteht die M\u00f6glichkeit die Personaltoilette des Kindergartens mitzubenutzen.<\/p>\n<p><strong>Schlafraum:<\/strong><br \/>\nIm Schlafraum befindet sich eine, f\u00fcr diesen Raum konzipierte, Schlafburg, die f\u00fcr 14 Kinder einen Schlafplatz bietet.<br \/>\nAn den Schlafraum grenzt eine Abstellkammer.<\/p>\n<p><strong>Au\u00dfengel\u00e4nde:<\/strong><br \/>\nAuf dem Au\u00dfengel\u00e4nde befinden sich eine Nestschaukel, eine Hangrutsche, zwei Sandk\u00e4sten, eine Bobbycarstrecke, Balanciersteine und eine Krabbelburg mit verschiedenen Aktionsm\u00f6glichkeiten. Eine kleine T\u00fcr bildet die Verbindung zum nebenan liegenden Au\u00dfengel\u00e4nde des Kindergartens.<\/p>\n","protected":false},"excerpt":{"rendered":"<p>R\u00e4ume und Au\u00dfenanlage Die Einrichtung besteht aus zwei Gruppenr\u00e4umen, Schlafraum, Flur, B\u00fcro, Bad und Au\u00dfengel\u00e4nde. Eingangsbereich: Im Eingangsbereich befindet sich ein Stellplatz f\u00fcr den Krippenwagen und f\u00fcr weitere Kinderwagen, au\u00dferdem eine Bank und eine Garderobe f\u00fcr Mitarbeiter und Eltern. Flur:<\/p>\n","protected":false},"author":1,"featured_media":0,"parent":326,"menu_order":0,"comment_status":"closed","ping_status":"closed","template":"","meta":{"ngg_post_thumbnail":0,"footnotes":""},"class_list":["post-335","page","type-page","status-publish","hentry"],"_links":{"self":[{"href":"https:\/\/kinderkrippe-bebra.de\/index.php?rest_route=\/wp\/v2\/pages\/335","targetHints":{"allow":["GET"]}}],"collection":[{"href":"https:\/\/kinderkrippe-bebra.de\/index.php?rest_route=\/wp\/v2\/pages"}],"about":[{"href":"https:\/\/kinderkrippe-bebra.de\/index.php?rest_route=\/wp\/v2\/types\/page"}],"author":[{"embeddable":true,"href":"https:\/\/kinderkrippe-bebra.de\/index.php?rest_route=\/wp\/v2\/users\/1"}],"replies":[{"embeddable":true,"href":"https:\/\/kinderkrippe-bebra.de\/index.php?rest_route=%2Fwp%2Fv2%2Fcomments&post=335"}],"version-history":[{"count":3,"href":"https:\/\/kinderkrippe-bebra.de\/index.php?rest_route=\/wp\/v2\/pages\/335\/revisions"}],"predecessor-version":[{"id":576,"href":"https:\/\/kinderkrippe-bebra.de\/index.php?rest_route=\/wp\/v2\/pages\/335\/revisions\/576"}],"up":[{"embeddable":true,"href":"https:\/\/kinderkrippe-bebra.de\/index.php?rest_route=\/wp\/v2\/pages\/326"}],"wp:attachment":[{"href":"https:\/\/kinderkrippe-bebra.de\/index.php?rest_route=%2Fwp%2Fv2%2Fmedia&parent=335"}],"curies":[{"name":"wp","href":"https:\/\/api.w.org\/{rel}","templated":true}]}}