{"id":333,"date":"2016-06-04T22:11:01","date_gmt":"2016-06-04T20:11:01","guid":{"rendered":"http:\/\/192.168.10.20\/WordPress\/?page_id=63"},"modified":"2023-01-06T11:11:51","modified_gmt":"2023-01-06T10:11:51","slug":"eingewoehnungsphase","status":"publish","type":"page","link":"https:\/\/kinderkrippe-bebra.de\/?page_id=333","title":{"rendered":"Eingew\u00f6hnungsphase"},"content":{"rendered":"<h2>Eingew\u00f6hnungsphase<\/h2>\n<p style=\"text-align: justify;\">Wenn ein Kind in der Kinderkrippe aufgenommen wird, soll es sich langsam an die neue Umgebung, Kinder und Erzieherinnen gew\u00f6hnen k\u00f6nnen. Dabei orientieren wir uns am Berliner Eingew\u00f6hnungsmodell (siehe Anhang). Bevor jedoch das Kind in die Krippe kommt, werden zwei Aufnahmegespr\u00e4che mit den Eltern durchgef\u00fchrt. Das erste Gespr\u00e4ch f\u00fchrt die Leitung mit den Eltern, m\u00f6glichst ohne Kind. Hier geht es inhaltlich um organisatorische Abl\u00e4ufe in der Kinderkrippe. Das zweite Aufnahmegespr\u00e4ch f\u00fchrt die zuk\u00fcnftigen Bezugserzieher\/in mit der neuen&nbsp;Familie. Es bietet uns die M\u00f6glichkeit, das Kind, seine Interessen, Vorlieben und Gewohnheiten kennen zu lernen.<br \/>\nAn den ersten drei Tagen besucht das Kind mit einer ihm vertrauten Person f\u00fcr eine Stunde die Einrichtung und nimmt am allt\u00e4glichen Tagesablauf teil. So hat das Kind die M\u00f6glichkeit, die anderen Kinder und auch die Erzieherinnen in Ruhe kennen zu lernen und nat\u00fcrlich auch umgekehrt. Immer mit der Gewissheit, dass sich das Kind zur bekannten Bezugsperson zur\u00fcckziehen kann, die sich an einem festen Platz im Raum aufh\u00e4lt. Dies ist f\u00fcr das Kind wichtig, da die vertraute Person einen sicheren Hafen f\u00fcr das Kind bietet. Am vierten Tag kann ein erster Trennungsversuch f\u00fcr ca. 10 min. unternommen werden.<\/p>\n<p>Die Reaktion des Kindes ist der Ma\u00dfstab f\u00fcr die Fortsetzung oder den Abbruch des Trennungsversuches. L\u00e4sst sich das Kind schnell beruhigen und findet ins Spiel zur\u00fcck, wird nach jedem weiteren Tag die Trennungszeit verl\u00e4ngert und die Erzieherin \u00fcbernimmt immer mehr die Versorgung des Kindes, anstelle der vertrauten Person (i.d.R. Mutter oder Vater). Diese greifen nur noch ein, wenn das Kind die Erzieherin noch nicht akzeptiert hat.<\/p>\n<p>Es ist wichtig, dass die erste Zeit der Trennung relativ kurz ist, so dass der Zeitraum, in dem das Kind allein ist, \u00fcberschaubar bleibt. Wirkt das Kind nach dem Weggang der Mutter verst\u00f6rt und untr\u00f6stlich, muss mit dem n\u00e4chsten Trennungsversuch ein bis zwei Tage gewartet werden.<\/p>\n<p>In den ersten Tagen der Trennungsversuche sollte die Bezugsperson die Einrichtung nicht verlassen, falls die Tragf\u00e4higkeit der neuen Beziehung zur Erzieherin noch nicht ausreicht, um das Kind in besonderen F\u00e4llen aufzufangen. Die Eingew\u00f6hnungsphase ist beendet, wenn das Kind die Erzieherin als \u201esichere Basis\u201c akzeptiert hat und sich von ihr tr\u00f6sten l\u00e4sst. Dies ist zum Beispiel dann der Fall, wenn das Kind gegen den Weggang von der Mutter protestiert (Bindungsverhalten zeigt), sich aber schnell von der Erzieherin tr\u00f6sten l\u00e4sst und in guter Stimmung spielt.<\/p>\n<p>W\u00e4hrend der Eingew\u00f6hnungszeit besucht das Kind die Einrichtung nur halbtags. Neben allen theoretischen Pl\u00e4nen gehen wir jedoch individuell auf die Bed\u00fcrfnisse der Kinder ein und letztendlich gibt das Kind das Tempo des Abnabelungsprozesses an. Es ist uns ein Anliegen, diesen Prozess so schonend wie m\u00f6glich zu gestalten, damit sich das Kind von Anfang an in den R\u00e4umlichkeiten der Kinderkrippe wohl f\u00fchlt und Vertrauen zu seinen neuen Bezugspersonen aufbauen kann.<\/p>\n","protected":false},"excerpt":{"rendered":"<p>Eingew\u00f6hnungsphase Wenn ein Kind in der Kinderkrippe aufgenommen wird, soll es sich langsam an die neue Umgebung, Kinder und Erzieherinnen gew\u00f6hnen k\u00f6nnen. Dabei orientieren wir uns am Berliner Eingew\u00f6hnungsmodell (siehe Anhang). Bevor jedoch das Kind in die Krippe kommt, werden<\/p>\n","protected":false},"author":1,"featured_media":0,"parent":206,"menu_order":5,"comment_status":"closed","ping_status":"closed","template":"","meta":{"ngg_post_thumbnail":0,"footnotes":""},"class_list":["post-333","page","type-page","status-publish","hentry"],"_links":{"self":[{"href":"https:\/\/kinderkrippe-bebra.de\/index.php?rest_route=\/wp\/v2\/pages\/333","targetHints":{"allow":["GET"]}}],"collection":[{"href":"https:\/\/kinderkrippe-bebra.de\/index.php?rest_route=\/wp\/v2\/pages"}],"about":[{"href":"https:\/\/kinderkrippe-bebra.de\/index.php?rest_route=\/wp\/v2\/types\/page"}],"author":[{"embeddable":true,"href":"https:\/\/kinderkrippe-bebra.de\/index.php?rest_route=\/wp\/v2\/users\/1"}],"replies":[{"embeddable":true,"href":"https:\/\/kinderkrippe-bebra.de\/index.php?rest_route=%2Fwp%2Fv2%2Fcomments&post=333"}],"version-history":[{"count":2,"href":"https:\/\/kinderkrippe-bebra.de\/index.php?rest_route=\/wp\/v2\/pages\/333\/revisions"}],"predecessor-version":[{"id":880,"href":"https:\/\/kinderkrippe-bebra.de\/index.php?rest_route=\/wp\/v2\/pages\/333\/revisions\/880"}],"up":[{"embeddable":true,"href":"https:\/\/kinderkrippe-bebra.de\/index.php?rest_route=\/wp\/v2\/pages\/206"}],"wp:attachment":[{"href":"https:\/\/kinderkrippe-bebra.de\/index.php?rest_route=%2Fwp%2Fv2%2Fmedia&parent=333"}],"curies":[{"name":"wp","href":"https:\/\/api.w.org\/{rel}","templated":true}]}}